{"id":2423,"date":"2025-10-06T21:17:48","date_gmt":"2025-10-06T18:17:48","guid":{"rendered":"https:\/\/www.missmixcilek.com\/?page_id=2423"},"modified":"2025-10-06T21:17:57","modified_gmt":"2025-10-06T18:17:57","slug":"franchise-formu","status":"publish","type":"page","link":"https:\/\/www.missmixcilek.com\/index.php\/franchise-formu\/","title":{"rendered":"Franchise Formu"},"content":{"rendered":"<style id=\"wpforms-css-vars-2420-block-f3b6bd46-7224-4213-8294-2bbbd1653974\">\n\t\t\t\t#wpforms-2420.wpforms-block-f3b6bd46-7224-4213-8294-2bbbd1653974 {\n\t\t\t\t--wpforms-field-size-input-height: 43px;\n--wpforms-field-size-input-spacing: 15px;\n--wpforms-field-size-font-size: 16px;\n--wpforms-field-size-line-height: 19px;\n--wpforms-field-size-padding-h: 14px;\n--wpforms-field-size-checkbox-size: 16px;\n--wpforms-field-size-sublabel-spacing: 5px;\n--wpforms-field-size-icon-size: 1;\n--wpforms-label-size-font-size: 16px;\n--wpforms-label-size-line-height: 19px;\n--wpforms-label-size-sublabel-font-size: 14px;\n--wpforms-label-size-sublabel-line-height: 17px;\n--wpforms-button-size-font-size: 17px;\n--wpforms-button-size-height: 41px;\n--wpforms-button-size-padding-h: 15px;\n--wpforms-button-size-margin-top: 10px;\n\t\t\t}\n\t\t\t<\/style><div class=\"wpforms-container wpforms-container-full wpforms-block wpforms-block-f3b6bd46-7224-4213-8294-2bbbd1653974 wpforms-render-modern\" id=\"wpforms-2420\"><form id=\"wpforms-form-2420\" class=\"wpforms-validate wpforms-form wpforms-ajax-form\" data-formid=\"2420\" method=\"post\" enctype=\"multipart\/form-data\" action=\"\/index.php\/wp-json\/wp\/v2\/pages\/2423\" data-token=\"51787c9a79fda07831777f345b317a25\" data-token-time=\"1776518198\"><noscript class=\"wpforms-error-noscript\">Bu formu bitirebilmek i\u00e7in taray\u0131c\u0131n\u0131zda JavaScript&#039;i etkinle\u015ftirin.<\/noscript><div id=\"wpforms-error-noscript\" style=\"display: none;\">Bu formu bitirebilmek i\u00e7in taray\u0131c\u0131n\u0131zda JavaScript&#039;i etkinle\u015ftirin.<\/div><div class=\"wpforms-field-container\"><div id=\"wpforms-2420-field_1-container\" class=\"wpforms-field wpforms-field-text\" data-field-id=\"1\"><label class=\"wpforms-field-label\" for=\"wpforms-2420-field_1\">\u0130sim Soyisim <span class=\"wpforms-required-label\" aria-hidden=\"true\">*<\/span><\/label><input type=\"text\" id=\"wpforms-2420-field_1\" class=\"wpforms-field-medium wpforms-field-required\" name=\"wpforms[fields][1]\" aria-errormessage=\"wpforms-2420-field_1-error\" required><\/div><div id=\"wpforms-2420-field_3-container\" class=\"wpforms-field wpforms-field-text\" data-field-id=\"3\"><label class=\"wpforms-field-label\" for=\"wpforms-2420-field_3\">Mail Adresiniz <span class=\"wpforms-required-label\" aria-hidden=\"true\">*<\/span><\/label><input type=\"text\" id=\"wpforms-2420-field_3\" class=\"wpforms-field-medium wpforms-field-required\" name=\"wpforms[fields][3]\" aria-errormessage=\"wpforms-2420-field_3-error\" required><\/div><div id=\"wpforms-2420-field_4-container\" class=\"wpforms-field wpforms-field-text\" data-field-id=\"4\"><label class=\"wpforms-field-label\" for=\"wpforms-2420-field_4\">Telefon Numaran\u0131z <span class=\"wpforms-required-label\" aria-hidden=\"true\">*<\/span><\/label><input type=\"text\" id=\"wpforms-2420-field_4\" class=\"wpforms-field-medium wpforms-field-required\" name=\"wpforms[fields][4]\" aria-errormessage=\"wpforms-2420-field_4-error\" required><\/div><div id=\"wpforms-2420-field_5-container\" class=\"wpforms-field wpforms-field-text\" data-field-id=\"5\"><label class=\"wpforms-field-label\" for=\"wpforms-2420-field_5\">Do\u011fum Tarihiniz<\/label><input type=\"text\" id=\"wpforms-2420-field_5\" class=\"wpforms-field-medium\" name=\"wpforms[fields][5]\" aria-errormessage=\"wpforms-2420-field_5-error\" ><\/div><div id=\"wpforms-2420-field_6-container\" class=\"wpforms-field wpforms-field-text\" data-field-id=\"6\"><label class=\"wpforms-field-label\" for=\"wpforms-2420-field_6\">Ya\u015fad\u0131\u011f\u0131n\u0131z \u015eehir<\/label><input type=\"text\" id=\"wpforms-2420-field_6\" class=\"wpforms-field-medium\" name=\"wpforms[fields][6]\" aria-errormessage=\"wpforms-2420-field_6-error\" ><\/div><div id=\"wpforms-2420-field_8-container\" class=\"wpforms-field wpforms-field-text\" data-field-id=\"8\"><label class=\"wpforms-field-label\" for=\"wpforms-2420-field_8\">Franchise a\u00e7mak istedi\u011finiz \u015eehir<\/label><input type=\"text\" id=\"wpforms-2420-field_8\" class=\"wpforms-field-medium\" name=\"wpforms[fields][8]\" aria-errormessage=\"wpforms-2420-field_8-error\" ><\/div><div id=\"wpforms-2420-field_10-container\" class=\"wpforms-field wpforms-field-radio\" data-field-id=\"10\"><fieldset><legend class=\"wpforms-field-label\">Daha \u00f6nce ticari deneyiminiz oldumu?<\/legend><ul id=\"wpforms-2420-field_10\"><li class=\"choice-1 depth-1\"><input type=\"radio\" id=\"wpforms-2420-field_10_1\" name=\"wpforms[fields][10]\" value=\"Evet\" aria-errormessage=\"wpforms-2420-field_10_1-error\"  ><label class=\"wpforms-field-label-inline\" for=\"wpforms-2420-field_10_1\">Evet<\/label><\/li><li class=\"choice-2 depth-1\"><input type=\"radio\" id=\"wpforms-2420-field_10_2\" name=\"wpforms[fields][10]\" value=\"Hay\u0131r\" aria-errormessage=\"wpforms-2420-field_10_2-error\"  ><label class=\"wpforms-field-label-inline\" for=\"wpforms-2420-field_10_2\">Hay\u0131r<\/label><\/li><\/ul><\/fieldset><\/div><div id=\"wpforms-2420-field_11-container\" class=\"wpforms-field wpforms-field-radio\" data-field-id=\"11\"><fieldset><legend class=\"wpforms-field-label\">Yat\u0131r\u0131m Yapmay\u0131 D\u00fc\u015f\u00fcnd\u00fc\u011f\u00fcn\u00fcz sermaye aral\u0131\u011f\u0131<\/legend><ul id=\"wpforms-2420-field_11\"><li class=\"choice-1 depth-1\"><input type=\"radio\" id=\"wpforms-2420-field_11_1\" name=\"wpforms[fields][11]\" value=\"0 - 750.000 TL\" aria-errormessage=\"wpforms-2420-field_11_1-error\"  ><label class=\"wpforms-field-label-inline\" for=\"wpforms-2420-field_11_1\">0 &#8211; 750.000 TL<\/label><\/li><li class=\"choice-2 depth-1\"><input type=\"radio\" id=\"wpforms-2420-field_11_2\" name=\"wpforms[fields][11]\" value=\"750.000 - 1.000.000 TL\" aria-errormessage=\"wpforms-2420-field_11_2-error\"  ><label class=\"wpforms-field-label-inline\" for=\"wpforms-2420-field_11_2\">750.000 &#8211; 1.000.000 TL<\/label><\/li><li class=\"choice-3 depth-1\"><input type=\"radio\" id=\"wpforms-2420-field_11_3\" name=\"wpforms[fields][11]\" value=\"1.000.000 TL ve \u00fczeri\" aria-errormessage=\"wpforms-2420-field_11_3-error\"  ><label class=\"wpforms-field-label-inline\" for=\"wpforms-2420-field_11_3\">1.000.000 TL ve \u00fczeri<\/label><\/li><\/ul><\/fieldset><\/div><div id=\"wpforms-2420-field_9-container\" class=\"wpforms-field wpforms-field-text\" data-field-id=\"9\"><label class=\"wpforms-field-label\" for=\"wpforms-2420-field_9\">AVM \/ Cadde yeri tercihiniz varm\u0131?<\/label><input type=\"text\" id=\"wpforms-2420-field_9\" class=\"wpforms-field-medium\" name=\"wpforms[fields][9]\" aria-errormessage=\"wpforms-2420-field_9-error\" ><\/div>\t\t<div id=\"wpforms-2420-field_2-container\"\n\t\t\tclass=\"wpforms-field wpforms-field-text\"\n\t\t\tdata-field-type=\"text\"\n\t\t\tdata-field-id=\"2\"\n\t\t\t>\n\t\t\t<label class=\"wpforms-field-label\" for=\"wpforms-2420-field_2\" >\u015eehir Yat\u0131r\u0131m Neden<\/label>\n\t\t\t<input type=\"text\" id=\"wpforms-2420-field_2\" class=\"wpforms-field-medium\" name=\"wpforms[fields][2]\" >\n\t\t<\/div>\n\t\t<div id=\"wpforms-2420-field_12-container\" class=\"wpforms-field wpforms-field-text\" data-field-id=\"12\"><label class=\"wpforms-field-label\" for=\"wpforms-2420-field_12\">Neden Miss Mix \u00c7ilek franchise&#039;\u0131 olmak istiyorsunuz?<\/label><input type=\"text\" id=\"wpforms-2420-field_12\" class=\"wpforms-field-medium\" name=\"wpforms[fields][12]\" aria-errormessage=\"wpforms-2420-field_12-error\" ><\/div><div id=\"wpforms-2420-field_13-container\" class=\"wpforms-field wpforms-field-text\" data-field-id=\"13\"><label class=\"wpforms-field-label\" for=\"wpforms-2420-field_13\">Eklemek \u0130stedikleriniz<\/label><input type=\"text\" id=\"wpforms-2420-field_13\" class=\"wpforms-field-medium\" name=\"wpforms[fields][13]\" aria-errormessage=\"wpforms-2420-field_13-error\" ><\/div><script>\n\t\t\t\t( function() {\n\t\t\t\t\tconst style = document.createElement( 'style' );\n\t\t\t\t\tstyle.appendChild( document.createTextNode( '#wpforms-2420-field_2-container { position: absolute !important; overflow: hidden !important; display: inline !important; height: 1px !important; width: 1px !important; z-index: -1000 !important; padding: 0 !important; } #wpforms-2420-field_2-container input { visibility: hidden; } #wpforms-conversational-form-page #wpforms-2420-field_2-container label { counter-increment: none; }' ) );\n\t\t\t\t\tdocument.head.appendChild( style );\n\t\t\t\t\tdocument.currentScript?.remove();\n\t\t\t\t} )();\n\t\t\t<\/script><\/div><!-- .wpforms-field-container --><div class=\"wpforms-submit-container\" ><input type=\"hidden\" name=\"wpforms[id]\" value=\"2420\"><input type=\"hidden\" name=\"page_title\" value=\"\"><input type=\"hidden\" name=\"page_url\" value=\"https:\/\/www.missmixcilek.com\/index.php\/wp-json\/wp\/v2\/pages\/2423\"><input type=\"hidden\" name=\"url_referer\" value=\"\"><button type=\"submit\" name=\"wpforms[submit]\" id=\"wpforms-submit-2420\" class=\"wpforms-submit\" data-alt-text=\"G\u00f6nderiliyor...\" data-submit-text=\"G\u00f6nder\" aria-live=\"assertive\" value=\"wpforms-submit\">G\u00f6nder<\/button><img loading=\"lazy\" decoding=\"async\" src=\"https:\/\/www.missmixcilek.com\/wp-content\/plugins\/wpforms-lite\/assets\/images\/submit-spin.svg\" class=\"wpforms-submit-spinner\" style=\"display: none;\" width=\"26\" height=\"26\" alt=\"Y\u00fckleniyor\"><\/div><\/form><\/div>  <!-- .wpforms-container -->","protected":false},"excerpt":{"rendered":"","protected":false},"author":1,"featured_media":0,"parent":0,"menu_order":0,"comment_status":"closed","ping_status":"closed","template":"","meta":{"footnotes":""},"class_list":["post-2423","page","type-page","status-publish","hentry","no-thumb"],"_links":{"self":[{"href":"https:\/\/www.missmixcilek.com\/index.php\/wp-json\/wp\/v2\/pages\/2423","targetHints":{"allow":["GET"]}}],"collection":[{"href":"https:\/\/www.missmixcilek.com\/index.php\/wp-json\/wp\/v2\/pages"}],"about":[{"href":"https:\/\/www.missmixcilek.com\/index.php\/wp-json\/wp\/v2\/types\/page"}],"author":[{"embeddable":true,"href":"https:\/\/www.missmixcilek.com\/index.php\/wp-json\/wp\/v2\/users\/1"}],"replies":[{"embeddable":true,"href":"https:\/\/www.missmixcilek.com\/index.php\/wp-json\/wp\/v2\/comments?post=2423"}],"version-history":[{"count":2,"href":"https:\/\/www.missmixcilek.com\/index.php\/wp-json\/wp\/v2\/pages\/2423\/revisions"}],"predecessor-version":[{"id":2425,"href":"https:\/\/www.missmixcilek.com\/index.php\/wp-json\/wp\/v2\/pages\/2423\/revisions\/2425"}],"wp:attachment":[{"href":"https:\/\/www.missmixcilek.com\/index.php\/wp-json\/wp\/v2\/media?parent=2423"}],"curies":[{"name":"wp","href":"https:\/\/api.w.org\/{rel}","templated":true}]}}