{"id":65,"date":"2017-06-12T04:14:40","date_gmt":"2017-06-12T04:14:40","guid":{"rendered":"http:\/\/demo2.steelthemes.com\/gardenhub\/?page_id=65"},"modified":"2025-10-25T18:35:53","modified_gmt":"2025-10-25T15:35:53","slug":"home-page-2","status":"publish","type":"page","link":"https:\/\/www.missmixcilek.com\/","title":{"rendered":"Home Page 2"},"content":{"rendered":"<p>[vc_row full_width=&#8221;stretch_row_content_no_spaces&#8221;][vc_column][rev_slider_vc alias=&#8221;slider-2&#8243;][\/vc_column][\/vc_row][vc_row css=&#8221;.vc_custom_1757802399685{padding-top: 60px !important;padding-bottom: 70px !important;background: #ff3a3a url(https:\/\/www.missmixcilek.com\/wp-content\/uploads\/2025\/09\/cilekli-arka-plan.jpg?id=2337) !important;}&#8221;][vc_column]<div class=\"fh-section-title clearfix  text-center style-1 version-light has-icon\"><div class=\"container\"><h2>Yeni Tat Yeni Heyecan Her Tad\u0131mda Farkl\u0131 Lezzet<\/h2><span class=\"fh-icon\"><i class=\"flaticon-nature-3\"><\/i><\/span><\/div><\/div>[vc_column_text]<\/p>\n<section class=\"mmc-wrap\">\n<section class=\"mmc-wrap\"><span style=\"color: #ffffff; font-family: Bahnschrift; font-size: 26pt; font-weight: 600;\"><br \/>\nM\u0130SS M\u0130X \u00c7\u0130LEK<\/span><\/section>\n<header class=\"mmc-head\">\n<div>\n<section class=\"mmc-wrap\">\n<section class=\"mmc-wrap\"><span style=\"color: #ffffff; font-family: Bahnschrift; font-size: 26pt; font-weight: 600;\">Taze meyve &amp; kaliteli \u00e7ikolata ile mutlulu\u011fu tasarl\u0131yoruz.<\/span><\/section>\n<header class=\"mmc-head\"><span style=\"color: #ffffff; font-family: Bahnschrift; font-size: 26pt; font-weight: 600;\"><br \/>\nNeden Biz<\/span><\/header>\n<\/section>\n<\/div>\n<\/header>\n<p><span style=\"color: #ffffff; font-family: Times New Roman; font-size: x-large;\"><br \/>\nMiss Mix \u00c7ilek olarak meyvenin en taze, en lezzetli ve en yarat\u0131c\u0131 halini sizlerle bulu\u015fturuyoruz. Lezzet yolculu\u011fumuzun her ad\u0131m\u0131nda kalite, hijyen ve m\u00fc\u015fteri memnuniyeti esast\u0131r; \u00fcr\u00fcnlerimiz sadece bir meyve de\u011fil, bir deneyimdir.<br \/>\nBir mutluluk an\u0131.<\/span><\/p>\n<p><span style=\"color: #ffffff; font-family: Times New Roman; font-size: x-large;\"><br \/>\nDo\u011fan\u0131n \u00f6zel hediyelerini ustal\u0131kla se\u00e7iyor, en kaliteli \u00e7ikolatalarla bulu\u015fturarak fark yaratan tatlara d\u00f6n\u00fc\u015ft\u00fcr\u00fcyoruz. Malzeme tazeli\u011fi, do\u011fall\u0131k ve lezzet bizim i\u00e7in bir tercih de\u011fil, zorunluluktur. Kurumsal organizasyonlardan<br \/>\n\u00f6zel g\u00fcn kutlamalar\u0131na kadar her an\u0131n\u0131za e\u015flik eden \u00e7\u00f6z\u00fcmler sunar, her detay\u0131 sizin i\u00e7in d\u00fc\u015f\u00fcn\u00fcr\u00fcz.<\/span><\/p>\n<p>&nbsp;<\/p>\n<p><span style=\"font-size: 26pt; color: #ffffff; font-weight: bold;\">Bizi Neden Tercih Etmelisiniz?<\/span><\/p>\n<ul class=\"mmc-list\">\n<li style=\"list-style-type: none;\">\n<ul class=\"mmc-list\">\n<li class=\"mmc-card\"><span style=\"color: #ffffff;\"><b><br \/>\n<span style=\"font-size: x-large;\">G\u00fc\u00e7l\u00fc ve Tan\u0131nan Bir Marka<\/span><\/b><span style=\"font-size: x-large;\"><br \/>\n\u00d6zg\u00fcn \u00fcr\u00fcnler, \u00f6zg\u00fc sunumlar ve benzersiz re\u00e7etelerle k\u0131sa s\u00fcrede y\u00fcksek bilinirli\u011fe ula\u015ft\u0131k. Haz\u0131r bir m\u00fc\u015fteri kitlesi ve g\u00fc\u00e7l\u00fc alg\u0131 ile pazara giri\u015fte avantaj sa\u011flars\u0131n\u0131z.<br \/>\n<\/span><\/span><span style=\"font-size: x-large; color: #ffffff;\"><br \/>\n<\/span><\/li>\n<li class=\"mmc-card\"><span style=\"color: #ffffff;\"><span style=\"color: #ffffff;\"><b><br \/>\n<span style=\"font-size: x-large;\">K\u00e2rl\u0131 ve Kolay Y\u00f6netilebilir \u0130\u015f Modeli<\/span><\/b><span style=\"font-size: x-large;\"><br \/>\nD\u00fc\u015f\u00fck operasyonel maliyet, sade men\u00fc ve yal\u0131n s\u00fcre\u00e7lerle verimli k\u00e2r marjlar\u0131 sunar. Standartla\u015ft\u0131r\u0131lm\u0131\u015f i\u015f ak\u0131\u015flar\u0131 y\u00f6netimi kolayla\u015ft\u0131r\u0131r.<\/span><\/span><\/span><\/li>\n<li><span style=\"color: #ffffff;\"><span style=\"color: #ffffff;\"><b><span style=\"font-size: x-large;\"><br \/>\nE\u011fitim ve Operasyonel Destek<\/span><\/b><span style=\"font-size: x-large;\"><br \/>\n\u00dcretim teknikleri, g\u0131da g\u00fcvenli\u011fi, ekip y\u00f6netimi, \u015fube kurulumu ve materyal deste\u011fi ile a\u00e7\u0131l\u0131\u015ftan sonra da yan\u0131n\u0131zday\u0131z.<\/span><\/span><\/span><\/li>\n<li class=\"mmc-card\"><span style=\"color: #ffffff;\"><span style=\"color: #ffffff;\"><b><br \/>\n<span style=\"font-size: x-large;\">Pazarlama ve Reklam Deste\u011fi<\/span><\/b><span style=\"font-size: x-large;\"><br \/>\nSosyal medya kampanyalar\u0131, d\u00f6nemsel promosyonlar ve b\u00f6lgesel reklam planlar\u0131yla sat\u0131\u015flar\u0131 destekleriz.<\/span><\/span><\/span><\/li>\n<li class=\"mmc-card\"><span style=\"color: #ffffff;\"><b><br \/>\n<span style=\"font-size: x-large;\">Yenilenen \u00dcr\u00fcn D\u00fcnyas\u0131<br \/>\n<\/span><\/b><\/span><span style=\"font-size: x-large; color: #ffffff;\"><br \/>\nMevsimsellik ve trend odakl\u0131 men\u00fclerle m\u00fc\u015fterilerin ilgisini canl\u0131 tutar, tekrar sat\u0131n al\u0131m\u0131 art\u0131r\u0131r\u0131z.<\/span><\/li>\n<\/ul>\n<\/li>\n<\/ul>\n<\/section>\n<p>[\/vc_column_text][\/vc_column][\/vc_row][vc_row full_width=&#8221;stretch_row_content_no_spaces&#8221;][vc_column][vc_column_text]<a href=\"https:\/\/www.missmixcilek.com\/index.php\/franchise-formu\/\"><img loading=\"lazy\" decoding=\"async\" class=\"aligncenter wp-image-2273 size-full\" src=\"https:\/\/www.missmixcilek.com\/wp-content\/uploads\/2025\/08\/franchising-formu-gorseli.jpg\" alt=\"\" width=\"1427\" height=\"228\" srcset=\"https:\/\/www.missmixcilek.com\/wp-content\/uploads\/2025\/08\/franchising-formu-gorseli.jpg 1427w, https:\/\/www.missmixcilek.com\/wp-content\/uploads\/2025\/08\/franchising-formu-gorseli-300x48.jpg 300w, https:\/\/www.missmixcilek.com\/wp-content\/uploads\/2025\/08\/franchising-formu-gorseli-1024x164.jpg 1024w, https:\/\/www.missmixcilek.com\/wp-content\/uploads\/2025\/08\/franchising-formu-gorseli-768x123.jpg 768w, https:\/\/www.missmixcilek.com\/wp-content\/uploads\/2025\/08\/franchising-formu-gorseli-600x96.jpg 600w\" sizes=\"auto, (max-width: 1427px) 100vw, 1427px\" \/><\/a>[\/vc_column_text][\/vc_column][vc_column][vc_column_text][\/vc_column_text][rev_slider_vc alias=&#8221;slider-2-1&#8243;][\/vc_column][\/vc_row][vc_row css=&#8221;.vc_custom_1757878354261{margin-top: -70px !important;padding-top: 60px !important;padding-bottom: 70px !important;}&#8221;][vc_column width=&#8221;1\/2&#8243;][vc_column_text]<\/p>\n<p style=\"text-align: center;\"><img loading=\"lazy\" decoding=\"async\" class=\"aligncenter size-full wp-image-2352\" src=\"https:\/\/www.missmixcilek.com\/wp-content\/uploads\/2025\/09\/missmixcilek-dogaltaze-cilek.jpg\" alt=\"\" width=\"646\" height=\"500\" srcset=\"https:\/\/www.missmixcilek.com\/wp-content\/uploads\/2025\/09\/missmixcilek-dogaltaze-cilek.jpg 646w, https:\/\/www.missmixcilek.com\/wp-content\/uploads\/2025\/09\/missmixcilek-dogaltaze-cilek-300x232.jpg 300w, https:\/\/www.missmixcilek.com\/wp-content\/uploads\/2025\/09\/missmixcilek-dogaltaze-cilek-600x464.jpg 600w\" sizes=\"auto, (max-width: 646px) 100vw, 646px\" \/><\/p>\n<p>[\/vc_column_text][\/vc_column][vc_column width=&#8221;1\/2&#8243;][vc_column_text]<span style=\"font-size: 40pt; color: #d2232a; font-family: Corbel Light;\"><strong><br \/>\nTaze \u00c7ileklerin Enfes Tad\u0131<\/strong><\/span><br \/>\n<span style=\"font-size: 20pt; color: #000000; font-family: Corbel Light;\">Taze \u00e7ilekler kullan\u0131larak olu\u015fturulan \u00fcr\u00fcnlerimizin enfes tad\u0131n\u0131 \u00e7ok be\u011feneceksiniz.<\/span><\/p>\n<p><span style=\"font-size: 20pt; color: #000000; font-family: Corbel Light;\">Miss Mix \u00c7ilek olarak en tazeyi \u00f6zel \u00e7ikolatam\u0131zla birle\u015ftirerek sizinle bulu\u015fturuyoruz. Lezzet olarak vazge\u00e7emeyece\u011finiz bir tat i\u00e7in sizi \u015fubelerimize bekliyoruz.<\/span>[\/vc_column_text][\/vc_column][\/vc_row][vc_row css=&#8221;.vc_custom_1757879111299{margin-top: -130px !important;padding-top: 60px !important;padding-bottom: 70px !important;}&#8221;][vc_column width=&#8221;1\/2&#8243;][vc_column_text]<\/p>\n<p style=\"text-align: center;\"><img loading=\"lazy\" decoding=\"async\" class=\"aligncenter size-full wp-image-2369\" src=\"https:\/\/www.missmixcilek.com\/wp-content\/uploads\/2025\/09\/missmixcilek-anasayfa-resim1.jpg\" alt=\"\" width=\"646\" height=\"500\" srcset=\"https:\/\/www.missmixcilek.com\/wp-content\/uploads\/2025\/09\/missmixcilek-anasayfa-resim1.jpg 646w, https:\/\/www.missmixcilek.com\/wp-content\/uploads\/2025\/09\/missmixcilek-anasayfa-resim1-300x232.jpg 300w, https:\/\/www.missmixcilek.com\/wp-content\/uploads\/2025\/09\/missmixcilek-anasayfa-resim1-600x464.jpg 600w\" sizes=\"auto, (max-width: 646px) 100vw, 646px\" \/><\/p>\n<p>[\/vc_column_text][\/vc_column][vc_column width=&#8221;1\/2&#8243;][vc_column_text]<\/p>\n<p style=\"text-align: center;\"><img loading=\"lazy\" decoding=\"async\" class=\"aligncenter size-full wp-image-2370\" src=\"https:\/\/www.missmixcilek.com\/wp-content\/uploads\/2025\/09\/missmixcilek-anasayfa-resim2.jpg\" alt=\"\" width=\"646\" height=\"500\" srcset=\"https:\/\/www.missmixcilek.com\/wp-content\/uploads\/2025\/09\/missmixcilek-anasayfa-resim2.jpg 646w, https:\/\/www.missmixcilek.com\/wp-content\/uploads\/2025\/09\/missmixcilek-anasayfa-resim2-300x232.jpg 300w, https:\/\/www.missmixcilek.com\/wp-content\/uploads\/2025\/09\/missmixcilek-anasayfa-resim2-600x464.jpg 600w\" sizes=\"auto, (max-width: 646px) 100vw, 646px\" \/><\/p>\n<p>[\/vc_column_text][\/vc_column][\/vc_row][vc_row css=&#8221;.vc_custom_1759086927637{margin-top: -50px !important;padding-top: 60px !important;padding-bottom: 50px !important;}&#8221;][vc_column]<div class=\"fh-section-title clearfix  text-center style-1 version-dark\"><div class=\"container\"><h2>Biz  <span class=\"main-color\"> Kimiz<\/span><\/h2><\/div><\/div>[\/vc_column][\/vc_row][vc_row css=&#8221;.vc_custom_1755983140033{margin-top: -80px !important;padding-top: 60px !important;padding-bottom: 50px !important;}&#8221;][vc_column][vc_column_text]<\/p>\n<h4><img loading=\"lazy\" decoding=\"async\" class=\"size-full wp-image-2236 alignleft\" src=\"https:\/\/www.missmixcilek.com\/wp-content\/uploads\/2025\/08\/missmixcilek-logo1.png\" alt=\"\" width=\"210\" height=\"80\" \/><span style=\"font-size: 20pt; color: #000000; font-family: Corbel Light;\">Miss Mix \u00c7ilek, tatl\u0131y\u0131 ne\u015feyle bulu\u015fturan, yenilik\u00e7i bir lezzet deneyimi sunmak i\u00e7in yola \u00e7\u0131kt\u0131. Her ya\u015ftan misafirimize taze \u00e7ilek ve muzlar\u0131, \u00f6zel form\u00fcll\u00fc \u00e7ikolatam\u0131zla bulu\u015fturarak bardakta servis edilen pratik, hijyenik ve unutulmaz tatlar sunuyoruz.<\/span><\/h4>\n<p>[\/vc_column_text][\/vc_column][\/vc_row][vc_row css=&#8221;.vc_custom_1755983596160{margin-top: -30px !important;padding-top: 60px !important;padding-bottom: 50px !important;}&#8221;][vc_column]<div class=\"fh-section-title clearfix  text-center style-1 version-dark\"><div class=\"container\"><h2>Neler  <span class=\"main-color\"> Yap\u0131yoruz<\/span><\/h2><\/div><\/div>[\/vc_column][\/vc_row][vc_row css=&#8221;.vc_custom_1755983140033{margin-top: -80px !important;padding-top: 60px !important;padding-bottom: 50px !important;}&#8221;][vc_column][vc_column_text]<\/p>\n<h4><img loading=\"lazy\" decoding=\"async\" class=\"size-full wp-image-2236 alignright\" src=\"https:\/\/www.missmixcilek.com\/wp-content\/uploads\/2025\/08\/missmixcilek-logo1.png\" alt=\"\" width=\"210\" height=\"80\" \/><span style=\"font-size: 20pt; color: #000000; font-family: Corbel Light;\">&#8211; AVM\u2019lerde konumlanan \u015fubelerimizde;<br \/>\n&#8211; Bardakta \u00e7ikolata kaplamal\u0131 \u00e7ilek &amp; muz<br \/>\n&#8211; Mevsime \u00f6zel tatl\u0131 alternatifleri<br \/>\n&#8211; \u00c7ocuklara \u00f6zel lezzetli s\u00fcrprizler sunuyoruz.<\/span><\/h4>\n<p>[\/vc_column_text][\/vc_column][\/vc_row][vc_row css=&#8221;.vc_custom_1755979802817{margin-top: -70px !important;padding-top: 5px !important;padding-bottom: 5px !important;}&#8221;][vc_column][vc_column_text]<a href=\"https:\/\/www.missmixcilek.com\/index.php\/contact\/\"><img loading=\"lazy\" decoding=\"async\" class=\"aligncenter wp-image-2259 size-full\" src=\"https:\/\/www.missmixcilek.com\/wp-content\/uploads\/2025\/08\/missmixcilek-nerede.jpg\" alt=\"\" width=\"1427\" height=\"228\" srcset=\"https:\/\/www.missmixcilek.com\/wp-content\/uploads\/2025\/08\/missmixcilek-nerede.jpg 1427w, https:\/\/www.missmixcilek.com\/wp-content\/uploads\/2025\/08\/missmixcilek-nerede-300x48.jpg 300w, https:\/\/www.missmixcilek.com\/wp-content\/uploads\/2025\/08\/missmixcilek-nerede-1024x164.jpg 1024w, https:\/\/www.missmixcilek.com\/wp-content\/uploads\/2025\/08\/missmixcilek-nerede-768x123.jpg 768w, https:\/\/www.missmixcilek.com\/wp-content\/uploads\/2025\/08\/missmixcilek-nerede-600x96.jpg 600w\" sizes=\"auto, (max-width: 1427px) 100vw, 1427px\" \/><\/a>[\/vc_column_text][\/vc_column][\/vc_row]<\/p>\n","protected":false},"excerpt":{"rendered":"<p>[vc_row full_width=&#8221;stretch_row_content_no_spaces&#8221;][vc_column][rev_slider_vc alias=&#8221;slider-2&#8243;][\/vc_column][\/vc_row][vc_row css=&#8221;.vc_custom_1757802399685{padding-top: 60px !important;padding-bottom: 70px !important;background: #ff3a3a url(https:\/\/www.missmixcilek.com\/wp-content\/uploads\/2025\/09\/cilekli-arka-plan.jpg?id=2337) !important;}&#8221;][vc_column][vc_column_text] M\u0130SS M\u0130X&hellip;<\/p>\n","protected":false},"author":1,"featured_media":0,"parent":0,"menu_order":0,"comment_status":"closed","ping_status":"closed","template":"template-homepage.php","meta":{"footnotes":""},"class_list":["post-65","page","type-page","status-publish","hentry","no-thumb"],"_links":{"self":[{"href":"https:\/\/www.missmixcilek.com\/index.php\/wp-json\/wp\/v2\/pages\/65","targetHints":{"allow":["GET"]}}],"collection":[{"href":"https:\/\/www.missmixcilek.com\/index.php\/wp-json\/wp\/v2\/pages"}],"about":[{"href":"https:\/\/www.missmixcilek.com\/index.php\/wp-json\/wp\/v2\/types\/page"}],"author":[{"embeddable":true,"href":"https:\/\/www.missmixcilek.com\/index.php\/wp-json\/wp\/v2\/users\/1"}],"replies":[{"embeddable":true,"href":"https:\/\/www.missmixcilek.com\/index.php\/wp-json\/wp\/v2\/comments?post=65"}],"version-history":[{"count":204,"href":"https:\/\/www.missmixcilek.com\/index.php\/wp-json\/wp\/v2\/pages\/65\/revisions"}],"predecessor-version":[{"id":2436,"href":"https:\/\/www.missmixcilek.com\/index.php\/wp-json\/wp\/v2\/pages\/65\/revisions\/2436"}],"wp:attachment":[{"href":"https:\/\/www.missmixcilek.com\/index.php\/wp-json\/wp\/v2\/media?parent=65"}],"curies":[{"name":"wp","href":"https:\/\/api.w.org\/{rel}","templated":true}]}}