{"id":73,"date":"2017-06-12T04:35:29","date_gmt":"2017-06-12T04:35:29","guid":{"rendered":"http:\/\/demo2.steelthemes.com\/gardenhub\/?page_id=73"},"modified":"2025-09-14T22:54:39","modified_gmt":"2025-09-14T19:54:39","slug":"contact","status":"publish","type":"page","link":"https:\/\/www.missmixcilek.com\/index.php\/contact\/","title":{"rendered":"\u0130leti\u015fim"},"content":{"rendered":"<p>[vc_row css=&#8221;.vc_custom_1496648745757{padding-top: 70px !important;padding-bottom: 80px !important;}&#8221;][vc_column width=&#8221;1\/3&#8243;]<div class=\"fh-section-title clearfix  text-left style-2 version-dark\"><div class=\"container\"><h2>\u0130leti\u015fim <span class=\"main-color\">Bilgilerimiz<\/span><\/h2><\/div><\/div><div class=\"fh-section-title clearfix  text-left style-2 version-dark\"><div class=\"container\"><h2>Merkez<\/h2><\/div><\/div>[vc_row_inner css=&#8221;.vc_custom_1496648932484{padding-top: 40px !important;padding-bottom: 45px !important;}&#8221;][vc_column_inner]<div class=\"fh-contact-box  style-2\">\r\n\t\t\t\t\r\n                <div class=\"info\"><div class=\"info-item\"><span class=\"fh-icon\"><i class=\"flaticon-globe\"><\/i><\/span><div class=\"details\">Pa\u015fak\u00f6y Mahallesi D-100 Karayolu Caddesi 14 burda AVM Bolu \/ Merkez<\/div><\/div><div class=\"info-item\"><span class=\"fh-icon\"><i class=\"flaticon-web\"><\/i><\/span><div class=\"details\">+90 555 559 34 22 info@missmixcilek.com<\/div><\/div><div class=\"info-item\"><span class=\"fh-icon\"><i class=\"flaticon-phone-set\"><\/i><\/span><div class=\"details\">Whatsapp : +90 555 559 34 22<\/div><\/div><\/div>\r\n            <\/div>[\/vc_column_inner][\/vc_row_inner][vc_gmaps link=&#8221;#E-8_JTNDaWZyYW1lJTIwc3JjJTNEJTIyaHR0cHMlM0ElMkYlMkZ3d3cuZ29vZ2xlLmNvbSUyRm1hcHMlMkZlbWJlZCUzRnBiJTNEJTIxMW0xOCUyMTFtMTIlMjExbTMlMjExZDMwMjMuMzU2Nzc5ODQ0NTAzJTIxMmQzMS41NjA0NTgzMTEyNTQ4OTQlMjEzZDQwLjczMjE3NDI3MTI3MTIlMjEybTMlMjExZjAlMjEyZjAlMjEzZjAlMjEzbTIlMjExaTEwMjQlMjEyaTc2OCUyMTRmMTMuMSUyMTNtMyUyMTFtMiUyMTFzMHg0MDlkMzkxNzJhZTg1ZmMzJTI1M0EweDYxMThmMDczNjU2ZDJiNzQlMjEyczE0JTI1MjBCdXJkYSUyNTIwQVZNJTIxNWUwJTIxM20yJTIxMXN0ciUyMTJzdHIlMjE0djE3NTc1MjQwODI1NzYlMjE1bTIlMjExc3RyJTIxMnN0ciUyMiUyMHdpZHRoJTNEJTIyNjAwJTIyJTIwaGVpZ2h0JTNEJTIyNDUwJTIyJTIwc3R5bGUlM0QlMjJib3JkZXIlM0EwJTNCJTIyJTIwYWxsb3dmdWxsc2NyZWVuJTNEJTIyJTIyJTIwbG9hZGluZyUzRCUyMmxhenklMjIlMjByZWZlcnJlcnBvbGljeSUzRCUyMm5vLXJlZmVycmVyLXdoZW4tZG93bmdyYWRlJTIyJTNFJTNDJTJGaWZyYW1lJTNF&#8221;][\/vc_column][vc_column width=&#8221;1\/3&#8243;][vc_row_inner css=&#8221;.vc_custom_1496648932484{padding-top: 40px !important;padding-bottom: 45px !important;}&#8221;][vc_column_inner][\/vc_column_inner][\/vc_row_inner][\/vc_column][vc_column width=&#8221;1\/3&#8243;]<div class=\"fh-section-title clearfix  text-left style-2 version-dark\"><div class=\"container\"><h2>\u0130leti\u015fim <span class=\"main-color\">Bilgilerimiz<\/span><\/h2><\/div><\/div><div class=\"fh-section-title clearfix  text-left style-2 version-dark\"><div class=\"container\"><h2>Ere\u011fli \u015eube<\/h2><\/div><\/div>[vc_row_inner css=&#8221;.vc_custom_1496648932484{padding-top: 40px !important;padding-bottom: 45px !important;}&#8221;][vc_column_inner]<div class=\"fh-contact-box  style-2\">\r\n\t\t\t\t\r\n                <div class=\"info\"><div class=\"info-item\"><span class=\"fh-icon\"><i class=\"flaticon-globe\"><\/i><\/span><div class=\"details\">M\u00fcft\u00fc Mah. Erdemir Cad. No : 160 Ere\u011fli \/ Zonguldak<\/div><\/div><div class=\"info-item\"><span class=\"fh-icon\"><i class=\"flaticon-web\"><\/i><\/span><div class=\"details\">+90 555 559 34 22 info@missmixcilek.com<\/div><\/div><div class=\"info-item\"><span class=\"fh-icon\"><i class=\"flaticon-phone-set\"><\/i><\/span><div class=\"details\">Whatsapp : +90 555 559 34 22<\/div><\/div><\/div>\r\n            <\/div>[\/vc_column_inner][\/vc_row_inner][vc_gmaps link=&#8221;#E-8_JTNDaWZyYW1lJTIwc3JjJTNEJTIyaHR0cHMlM0ElMkYlMkZ3d3cuZ29vZ2xlLmNvbSUyRm1hcHMlMkZlbWJlZCUzRnBiJTNEJTIxMW0xOCUyMTFtMTIlMjExbTMlMjExZDI5OTguNjkzMTczNzUyMDg5NSUyMTJkMzEuNDM0MDE2NTExMjg0OTElMjEzZDQxLjI3MjAxNjA3MTE5NTE0JTIxMm0zJTIxMWYwJTIxMmYwJTIxM2YwJTIxM20yJTIxMWkxMDI0JTIxMmk3NjglMjE0ZjEzLjElMjEzbTMlMjExbTIlMjExczB4NDA5YzViMzdkNzlhNzVkZiUyNTNBMHg5NWI5MDg0Nzg2YWVmMTEzJTIxMnpUY084Wm5URHZDd2dSWEprWlcxcGNpQkRaQzRnVG04Nk1UWXdMQ0EyTnpNd01DQkZjbVhFbjJ4cEwxcHZibWQxYkdSaGF3JTIxNWUwJTIxM20yJTIxMXN0ciUyMTJzdHIlMjE0djE3NTc1MjQ2MDc2NTMlMjE1bTIlMjExc3RyJTIxMnN0ciUyMiUyMHdpZHRoJTNEJTIyNjAwJTIyJTIwaGVpZ2h0JTNEJTIyNDUwJTIyJTIwc3R5bGUlM0QlMjJib3JkZXIlM0EwJTNCJTIyJTIwYWxsb3dmdWxsc2NyZWVuJTNEJTIyJTIyJTIwbG9hZGluZyUzRCUyMmxhenklMjIlMjByZWZlcnJlcnBvbGljeSUzRCUyMm5vLXJlZmVycmVyLXdoZW4tZG93bmdyYWRlJTIyJTNFJTNDJTJGaWZyYW1lJTNF&#8221;][\/vc_column][\/vc_row]<\/p>\n","protected":false},"excerpt":{"rendered":"<p>[vc_row css=&#8221;.vc_custom_1496648745757{padding-top: 70px !important;padding-bottom: 80px !important;}&#8221;][vc_column width=&#8221;1\/3&#8243;][vc_row_inner css=&#8221;.vc_custom_1496648932484{padding-top: 40px !important;padding-bottom: 45px !important;}&#8221;][vc_column_inner][\/vc_column_inner][\/vc_row_inner][vc_gmaps link=&#8221;#E-8_JTNDaWZyYW1lJTIwc3JjJTNEJTIyaHR0cHMlM0ElMkYlMkZ3d3cuZ29vZ2xlLmNvbSUyRm1hcHMlMkZlbWJlZCUzRnBiJTNEJTIxMW0xOCUyMTFtMTIlMjExbTMlMjExZDMwMjMuMzU2Nzc5ODQ0NTAzJTIxMmQzMS41NjA0NTgzMTEyNTQ4OTQlMjEzZDQwLjczMjE3NDI3MTI3MTIlMjEybTMlMjExZjAlMjEyZjAlMjEzZjAlMjEzbTIlMjExaTEwMjQlMjEyaTc2OCUyMTRmMTMuMSUyMTNtMyUyMTFtMiUyMTFzMHg0MDlkMzkxNzJhZTg1ZmMzJTI1M0EweDYxMThmMDczNjU2ZDJiNzQlMjEyczE0JTI1MjBCdXJkYSUyNTIwQVZNJTIxNWUwJTIxM20yJTIxMXN0ciUyMTJzdHIlMjE0djE3NTc1MjQwODI1NzYlMjE1bTIlMjExc3RyJTIxMnN0ciUyMiUyMHdpZHRoJTNEJTIyNjAwJTIyJTIwaGVpZ2h0JTNEJTIyNDUwJTIyJTIwc3R5bGUlM0QlMjJib3JkZXIlM0EwJTNCJTIyJTIwYWxsb3dmdWxsc2NyZWVuJTNEJTIyJTIyJTIwbG9hZGluZyUzRCUyMmxhenklMjIlMjByZWZlcnJlcnBvbGljeSUzRCUyMm5vLXJlZmVycmVyLXdoZW4tZG93bmdyYWRlJTIyJTNFJTNDJTJGaWZyYW1lJTNF&#8221;][\/vc_column][vc_column&hellip;<\/p>\n","protected":false},"author":1,"featured_media":0,"parent":0,"menu_order":0,"comment_status":"closed","ping_status":"closed","template":"template-fullwidth.php","meta":{"footnotes":""},"class_list":["post-73","page","type-page","status-publish","hentry","no-thumb"],"_links":{"self":[{"href":"https:\/\/www.missmixcilek.com\/index.php\/wp-json\/wp\/v2\/pages\/73","targetHints":{"allow":["GET"]}}],"collection":[{"href":"https:\/\/www.missmixcilek.com\/index.php\/wp-json\/wp\/v2\/pages"}],"about":[{"href":"https:\/\/www.missmixcilek.com\/index.php\/wp-json\/wp\/v2\/types\/page"}],"author":[{"embeddable":true,"href":"https:\/\/www.missmixcilek.com\/index.php\/wp-json\/wp\/v2\/users\/1"}],"replies":[{"embeddable":true,"href":"https:\/\/www.missmixcilek.com\/index.php\/wp-json\/wp\/v2\/comments?post=73"}],"version-history":[{"count":24,"href":"https:\/\/www.missmixcilek.com\/index.php\/wp-json\/wp\/v2\/pages\/73\/revisions"}],"predecessor-version":[{"id":2383,"href":"https:\/\/www.missmixcilek.com\/index.php\/wp-json\/wp\/v2\/pages\/73\/revisions\/2383"}],"wp:attachment":[{"href":"https:\/\/www.missmixcilek.com\/index.php\/wp-json\/wp\/v2\/media?parent=73"}],"curies":[{"name":"wp","href":"https:\/\/api.w.org\/{rel}","templated":true}]}}